{"id":25958158,"date":"2024-10-02T11:26:58","date_gmt":"2024-10-02T09:26:58","guid":{"rendered":"https:\/\/frame.waw.pl\/information-regarding-the-processing-of-personal-data\/"},"modified":"2024-11-05T14:14:24","modified_gmt":"2024-11-05T13:14:24","slug":"information-regarding-the-processing-of-personal-data","status":"publish","type":"page","link":"https:\/\/frame.waw.pl\/en\/information-regarding-the-processing-of-personal-data\/","title":{"rendered":"Information regarding the processing of personal data"},"content":{"rendered":"<p>[et_pb_section fb_built=&#8221;1&#8243; _builder_version=&#8221;4.25.2&#8243; _module_preset=&#8221;default&#8221; global_colors_info=&#8221;{}&#8221;][et_pb_row make_equal=&#8221;on&#8221; _builder_version=&#8221;4.25.2&#8243; _module_preset=&#8221;default&#8221; global_colors_info=&#8221;{}&#8221;][et_pb_column type=&#8221;4_4&#8243; module_class=&#8221;wysrodkuj-pion&#8221; _builder_version=&#8221;4.25.2&#8243; _module_preset=&#8221;default&#8221; global_colors_info=&#8221;{}&#8221;][dipi_dual_heading second_heading=&#8221;Information regarding the processing of personal data&#8221; heading_tag=&#8221;h1&#8243; heading_display=&#8221;column&#8221; bt_style=&#8221;stroke&#8221; bt_stroke_color=&#8221;rgba(196,143,86,0.45)&#8221; bt_stroke_fill=&#8221;RGBA(255,255,255,0)&#8221; _builder_version=&#8221;4.27.2&#8243; _module_preset=&#8221;default&#8221; first_heading_font=&#8221;IBM Plex Sans|100|||||||&#8221; first_heading_font_size=&#8221;32px&#8221; first_heading_line_height=&#8221;1.2em&#8221; second_heading_font=&#8221;Work Sans|700||on|||||&#8221; second_heading_font_size=&#8221;40px&#8221; second_heading_line_height=&#8221;1.3em&#8221; background_text_font_size=&#8221;50vh&#8221; background_text_letter_spacing=&#8221;10px&#8221; text_orientation=&#8221;left&#8221; custom_margin=&#8221;||||false|false&#8221; first_heading_font_size_tablet=&#8221;32px&#8221; first_heading_font_size_phone=&#8221;32px&#8221; first_heading_font_size_last_edited=&#8221;on|phone&#8221; second_heading_font_size_tablet=&#8221;40px&#8221; second_heading_font_size_phone=&#8221;30px&#8221; second_heading_font_size_last_edited=&#8221;on|phone&#8221; global_module=&#8221;518&#8243; saved_tabs=&#8221;all&#8221; locked=&#8221;off&#8221; global_colors_info=&#8221;{}&#8221;][\/dipi_dual_heading][et_pb_text _builder_version=&#8221;4.27.2&#8243; _module_preset=&#8221;default&#8221; hover_enabled=&#8221;0&#8243; global_colors_info=&#8221;{}&#8221; sticky_enabled=&#8221;0&#8243;]<\/p>\n<p>Realizuj\u0105c obowi\u0105zki informacyjne dotycz\u0105ce ochrony danych osobowych, wynikaj\u0105ce z Rozporz\u0105dzenia Parlamentu Europejskiego i Rady (UE) 2016\/679 z dnia 27 kwietnia 2016 r. w sprawie ochrony os\u00f3b fizycznych w zwi\u0105zku z przetwarzaniem danych osobowych i w sprawie swobodnego przep\u0142ywu takich danych oraz uchylenia dyrektywy 95\/46\/WE (og\u00f3lne rozporz\u0105dzenie o ochronie danych) (Dz. U. UE. L. z 2016 r. Nr 119, str. 1 z p\u00f3\u017an. zm.) (\u201eRODO\u201d), w zwi\u0105zku z zebraniem Pa\u0144stwa danych osobowych przekazujemy, nast\u0119puj\u0105ce informacje: <\/p>\n<p><strong>1. KTO ADMINISTRUJE PANI\/PANA DANYMI OSOBOWYMI<\/strong><\/p>\n<p>Wsp\u00f3\u0142administratorami Pani\/Pana danych osobowych s\u0105 Sp\u00f3\u0142ki z Grupy Artis Development, kt\u00f3rych wykaz znajduje si\u0119 <a href=\"https:\/\/frame.waw.pl\/wykaz-spolek-z-grupyartis-development\/\">tutaj<\/a>.<\/p>\n<p><strong>2. JAKIE S\u0104 UZGODNIENIA MI\u0118DZY WSP\u00d3\u0141ADMINISTRATORAMI<\/strong><\/p>\n<p>Artis Development sp. z o.o. z siedzib\u0105 w Warszawie, sp\u00f3\u0142ka z Grupy Artis Development, b\u0119dzie odpowiada\u0142a za obs\u0142ug\u0119 Pani\/Pana zapyta\u0144 i \u017c\u0105da\u0144 zwi\u0105zanych z realizacj\u0105 Pani\/Pana praw, o kt\u00f3rych mowa w pkt. 7 poni\u017cej.  <\/p>\n<p>Niezale\u017cnie od uzgodnie\u0144 mo\u017ce Pani\/Pan wykonywa\u0107 przys\u0142uguj\u0105ce Pani\/Panu prawa wobec ka\u017cdego ze wsp\u00f3\u0142administrator\u00f3w.<\/p>\n<p>Tre\u015b\u0107 uzgodnie\u0144 mi\u0119dzy wsp\u00f3\u0142administratorami jest dost\u0119pna na \u017c\u0105danie osoby, kt\u00f3rej dane dotycz\u0105, skierowane na adres mejlowy biuro@artisdevelopment.pl<\/p>\n<p><strong>3. W JAKI SPOS\u00d3B MO\u017bNA SI\u0118 Z NAMI KONTAKTOWA\u0106?<\/strong><\/p>\n<p>Kontakt z Artis Development jest mo\u017cliwy pod adresem e-mail: biuro@artisdevelopment.pl<\/p>\n<p>Artis Development sp. z o.o. powo\u0142a\u0142o inspektora ochrony danych osobowych, z kt\u00f3rym kontakt w sprawach z zakresu ochrony danych osobowych, w tym korzystania z praw zwi\u0105zanych z przetwarzaniem danych osobowych jest mo\u017cliwy pod adresem e-mail: IOD@artisdevelopment.pl <\/p>\n<p><strong>4. W JAKICH CELACH I NA JAKIEJ PODSTAWIE PRZETWARZAMY PANI\/PANA DANE?<\/strong><\/p>\n<p>Pani\/Pana dane osobowe b\u0119d\u0105 przetwarzane w nast\u0119puj\u0105cych celach:<\/p>\n<p>a) w celu odpowiedzi na Pani\/Pana zapytanie, w ramach podj\u0119cia dzia\u0142a\u0144 na \u017c\u0105danie osoby, kt\u00f3rej dane dotycz\u0105, przed zawarciem umowy, zgodnie z art. 6 ust. 1 lit. b RODO;  <\/p>\n<p>b) w celach marketingu bezpo\u015bredniego, w tym przesy\u0142ania informacji marketingowych i analityki zwi\u0105zanej z marketingiem, w ramach prawnie uzasadnionego interesu wsp\u00f3\u0142administrator\u00f3w, jakim jest prowadzenie marketingu bezpo\u015bredniego, zgodnie z art. 6 ust. 1 lit. f RODO, przy czym informacja marketingowa b\u0119dzie przesy\u0142ana tylko w przypadku, gdy wyrazi\u0142a\/wyrazi\u0142 Pani\/Pan zgod\u0119 na przesy\u0142anie takich informacji, zgodnie z przepisami reguluj\u0105cymi \u015bwiadczenie us\u0142ug drog\u0105 elektroniczn\u0105 oraz prawa telekomunikacyjnego.  <\/p>\n<p>Podanie przez Pani\u0105\/Pana danych osobowych jest dobrowolne, ale ich niepodanie uniemo\u017cliwi kontakt i odpowied\u017a na Pani\/Pana zapytanie.<\/p>\n<p><strong>5. CZY PANI\/PANA DANE OSOBOWE S\u0104 KOMU\u015a UDOST\u0118PNIANE?<\/strong><\/p>\n<p>Pani\/Pana dane osobowe mog\u0105 by\u0107 powierzone do przetwarzania podmiotom \u015bwiadcz\u0105cym na rzecz Artis Development us\u0142ugi teleinformatyczne i marketingowe.<\/p>\n<p><strong>6. JAK D\u0141UGO B\u0118DZIEMY PRZETWARZA\u0106 PANI\/PANA DANE?<\/strong><\/p>\n<p>Pani\/Pana dane osobowe b\u0119d\u0105 przechowywane do momentu wniesienia przez Pani\u0105\/Pana sprzeciwu wobec przetwarzania danych w celach marketingu bezpo\u015bredniego lub wniosku o usuni\u0119cie danych.<\/p>\n<p><strong>7. JAKIE S\u0104 PANI\/PANA PRAWA?<\/strong><\/p>\n<p>W zwi\u0105zku z przetwarzaniem danych osobowych w celach marketingu bezpo\u015bredniego posiada Pani\/Pan prawo w dowolnym momencie do sprzeciwu wobec przetwarzania danych.<\/p>\n<p>W przypadku wyra\u017cenia zgody na przesy\u0142anie informacji marketingowych w ka\u017cdej chwili mo\u017ce Pani\/Pan t\u0119 zgod\u0119 wycofa\u0107. Wycofanie zgody nie wp\u0142ywa na zgodno\u015b\u0107 z prawem przetwarzania danych, kt\u00f3rego dokonano na podstawie zgody przed jej wycofaniem. <\/p>\n<p>Po wycofaniu zgody lub wniesienia sprzeciwu wobec przetwarzania danych w celach marketingu bezpo\u015bredniego konsultanci Artis Development nie b\u0119d\u0105 mogli kontaktowa\u0107 si\u0119 z Pani\u0105\/Panem w celu przedstawienia informacji marketingowych, a Pani\/Pana dane zostan\u0105 usuni\u0119te z baz danych Artis Development.<\/p>\n<p>Ma Pani\/Pan prawo do dost\u0119pu do w\u0142asnych danych osobowych, uzyskania informacji o ich przetwarzaniu, prawo do sprostowania tych danych, kt\u00f3re s\u0105\u0328 nieprawid\u0142owe, prawo do usuni\u0119cia danych, prawo do ograniczenia przetwarzania danych.<\/p>\n<p>W celu realizacji Pani\/Pana praw nale\u017cy skontaktowa\u0107 si\u0119 z Artis Development wysy\u0142aj\u0105c mejla na adres biuro@artisdevelopment.pl.<\/p>\n<p>Ma Pani\/Pan r\u00f3wnie\u017c prawo do bycia zawiadomionym przez Artis Development o naruszeniu ochrony Pani\/Pana danych osobowych, je\u017celi powoduje to wysokie ryzyko naruszenia Pani\/Pana praw lub wolno\u015bci.<\/p>\n<p>Przys\u0142uguje Pani\/Panu prawo do wniesienia skargi do Prezesa Urz\u0119du Ochrony Danych Osobowych, je\u017celi uzna Pani\/Pan, \u017ce Pani\/Pana dane s\u0105 nieprawid\u0142owo przetwarzane.<\/p>\n<p><strong>8. O CZYM JESZCZE POWINNA PANI\/PAN WIEDZIE\u0106?<\/strong><\/p>\n<p>Artis Development w ramach marketingu bezpo\u015bredniego prowadzi profilowanie w celu przesy\u0142ania Pani\/Panu ofert najbardziej dopasowanych do Pani\/Pana potrzeb. Profilowanie nie wi\u0105\u017ce si\u0119 jednak z automatycznym podejmowaniem decyzji. <\/p>\n<p>Artis Development nie przekazuje Pani\/Pana danych osobowych poza Europejski Obszar Gospodarczy.<\/p>\n<p>[\/et_pb_text][\/et_pb_column][\/et_pb_row][\/et_pb_section]<\/p>\n","protected":false},"excerpt":{"rendered":"<p><div class=\"et_pb_module dipi_dual_heading dipi_dual_heading_0\">\n\t\t\t\t\n\t\t\t\t\n\t\t\t\t\n\t\t\t\t\n\t\t\t\t\n\t\t\t\t\n\t\t\t\t<div class=\"et_pb_module_inner\">\n\t\t\t\t\t\n                <div class=\"dipi-dual-heading \">\n                    <h1 class=\"dipi-dh-main\">\n                        <span class=\"dipi-dh-first-heading\">\n                            <span class=\"dipi-dh-animation-container\">\n                                <span class=\"dipi-dh-bg-container\">\n                                    \n                                <\/span>\n                            <\/span>\n                        <\/span>\n                        <span class=\"dipi-dh-second-heading\">\n                            <span class=\"dipi-dh-animation-container\">\n                                <span class=\"dipi-dh-bg-container\">\n                                    Information regarding the processing of personal data\n                                <\/span>\n                            <\/span>\n                        <\/span>\n                    <\/h1>\n                <\/div>\n\t\t\t\t<\/div>\n\t\t\t<\/div>Realizuj\u0105c obowi\u0105zki informacyjne dotycz\u0105ce ochrony danych osobowych, wynikaj\u0105ce z Rozporz\u0105dzenia Parlamentu Europejskiego i Rady (UE) 2016\/679 z dnia [&hellip;]<\/p>\n","protected":false},"author":2,"featured_media":0,"parent":0,"menu_order":11,"comment_status":"closed","ping_status":"closed","template":"","meta":{"_et_pb_use_builder":"on","_et_pb_old_content":"","_et_gb_content_width":"","footnotes":""},"dipi_cpt_category":[],"class_list":["post-25958158","page","type-page","status-publish","hentry"],"_links":{"self":[{"href":"https:\/\/frame.waw.pl\/en\/wp-json\/wp\/v2\/pages\/25958158","targetHints":{"allow":["GET"]}}],"collection":[{"href":"https:\/\/frame.waw.pl\/en\/wp-json\/wp\/v2\/pages"}],"about":[{"href":"https:\/\/frame.waw.pl\/en\/wp-json\/wp\/v2\/types\/page"}],"author":[{"embeddable":true,"href":"https:\/\/frame.waw.pl\/en\/wp-json\/wp\/v2\/users\/2"}],"replies":[{"embeddable":true,"href":"https:\/\/frame.waw.pl\/en\/wp-json\/wp\/v2\/comments?post=25958158"}],"version-history":[{"count":2,"href":"https:\/\/frame.waw.pl\/en\/wp-json\/wp\/v2\/pages\/25958158\/revisions"}],"predecessor-version":[{"id":25958160,"href":"https:\/\/frame.waw.pl\/en\/wp-json\/wp\/v2\/pages\/25958158\/revisions\/25958160"}],"wp:attachment":[{"href":"https:\/\/frame.waw.pl\/en\/wp-json\/wp\/v2\/media?parent=25958158"}],"wp:term":[{"taxonomy":"dipi_cpt_category","embeddable":true,"href":"https:\/\/frame.waw.pl\/en\/wp-json\/wp\/v2\/dipi_cpt_category?post=25958158"}],"curies":[{"name":"wp","href":"https:\/\/api.w.org\/{rel}","templated":true}]}}